{"id":31702,"date":"2023-10-31T20:25:45","date_gmt":"2023-10-31T23:25:45","guid":{"rendered":"https:\/\/ecompare.com.br\/lojas\/?page_id=31702"},"modified":"2023-10-31T20:28:26","modified_gmt":"2023-10-31T23:28:26","slug":"termos-de-privacidade-e-utilizacao-do-sistema","status":"publish","type":"page","link":"https:\/\/ecompare.com.br\/lojas\/termos-de-privacidade-e-utilizacao-do-sistema\/","title":{"rendered":"Termos de Privacidade e Utiliza\u00e7\u00e3o do Sistema"},"content":{"rendered":"\r\n<p>&#8220;Este site pode utilizar cookies e\/ou web beacons quando um usu\u00e1rio tem acesso \u00e0s p\u00e1ginas. Os cookies que podem ser utilizados associam-se (se for o caso) unicamente com o navegador de um determinado computador.<\/p>\r\n\r\n\r\n\r\n<p>Os cookies que s\u00e3o utilizados neste site podem ser instalados pelo mesmo, os quais s\u00e3o originados dos distintos servidores operados por este, ou a partir dos servidores de terceiros que prestam servi\u00e7os e instalam cookies e\/ou web beacons (por exemplo, os cookies que s\u00e3o empregados para prover servi\u00e7os de publicidade ou certos conte\u00fados atrav\u00e9s dos quais o usu\u00e1rio visualiza a publicidade ou conte\u00fados em tempo pr\u00e9 determinados). O usu\u00e1rio poder\u00e1 pesquisar o disco r\u00edgido de seu computador conforme instru\u00e7\u00f5es do pr\u00f3prio navegador.<\/p>\r\n\r\n\r\n\r\n<p>Usu\u00e1rio tem a possibilidade de configurar seu navegador para ser avisado, na tela do computador, sobre a recep\u00e7\u00e3o dos cookies e para impedir a sua instala\u00e7\u00e3o no disco r\u00edgido. As informa\u00e7\u00f5es pertinentes a esta configura\u00e7\u00e3o est\u00e3o dispon\u00edveis em instru\u00e7\u00f5es e manuais do pr\u00f3prio navegador&#8221;.<\/p>\r\n\r\n\r\n\r\n<p>Usamos empresas de publicidade de terceiros para veicular an\u00fancios durante a sua visita ao nosso website. Essas empresas podem usar informa\u00e7\u00f5es (que n\u00e3o incluem o seu nome, endere\u00e7o, endere\u00e7o de e-mail ou n\u00famero de telefone) sobre suas visitas a este e a outros websites a fim de exibir an\u00fancios relacionados a produtos e servi\u00e7os de seu interesse.<\/p>\r\n\r\n\r\n\r\n<p>O Google, como fornecedor de terceiros, utiliza cookies para exibir an\u00fancios no seu site. Com o cookie DART, o Google pode exibir an\u00fancios para seus usu\u00e1rios com base nas visitas feitas aos seus e a outros sites na Internet. Os usu\u00e1rios podem desativar o cookie DART visitando a <a href=\"http:\/\/www.google.com\/privacy_ads.html\">Pol\u00edtica de privacidade da rede de conte\u00fado e dos an\u00fancios do Google<\/a>.<\/p>\r\n\r\n\r\n\r\n<p>Nossos sites oferecem tamb\u00e9m um servi\u00e7o que \u00e9\u00a0 totalmente gratuito para voc\u00ea consumidor e \u00e9 prestado em parceria com <a rel=\"noreferrer noopener\" href=\"https:\/\/www.awin.com\/br\/privacy\" target=\"_blank\">AWIN\/ZANOX<\/a> e<a href=\"https:\/\/www.awin.com\/br\/privacy\"> <\/a><a href=\"https:\/\/www.magazinevoce.com.br\/politica-de-privacidade\/\" target=\"_blank\" rel=\"noreferrer noopener\">MAGAZINE VOC\u00ca<\/a><a href=\"https:\/\/www.awin.com\/br\/privacy\"> <\/a>Antes de usufruir dos servi\u00e7os ECOMPARE, leia atentamente o Termo de Uso do sistema. Caso n\u00e3o esteja de acordo, por favor, n\u00e3o os utilize.<\/p>\r\n\r\n\r\n\r\n<p>O ECOMPARE captura milh\u00f5es de produtos e pre\u00e7os todos os dias para auxiliar na decis\u00e3o de compra dos consumidores. Grande parte destes dados s\u00e3o capturados automaticamente atrav\u00e9s da tecnologia de busca e podem n\u00e3o representar o pre\u00e7o real praticado pelas lojas. O ECOMPARE n\u00e3o se responsabiliza pela inexatid\u00e3o nas informa\u00e7\u00f5es enviadas pelas lojas ou obtidas pela ferramenta de busca. <\/p>\r\n\r\n\r\n\r\n<h2 class=\"wp-block-heading\">Sempre confira o pre\u00e7o e as condi\u00e7\u00f5es no site da loja. Antes de fechar seu pedido, confira o valor do servi\u00e7o de entrega. Exija sempre sua nota fiscal.<\/h2>\r\n\r\n\r\n\r\n<p>As informa\u00e7\u00f5es sobre produtos s\u00e3o obtidas de terceiros. O ECOMPARE se dedica a garantir a exatid\u00e3o desses dados, mas n\u00e3o assume qualquer responsabilidade por incorre\u00e7\u00f5es. Certifique-se sempre com a loja ou fabricante sobre as especifica\u00e7\u00f5es detalhadas do produto.<\/p>\r\n\r\n\r\n\r\n<p>As opini\u00f5es a respeito das lojas e avalia\u00e7\u00f5es de produtos s\u00e3o enviadas pelos Consumidores. Elas n\u00e3o refletem a opini\u00e3o do Grupo Ecompare, que se isenta de qualquer responsabilidade sobre informa\u00e7\u00f5es enviadas por seus usu\u00e1rios.<\/p>\r\n\r\n\r\n\r\n<h2 class=\"wp-block-heading\">Quem somos<\/h2>\r\n\r\n\r\n\r\n<p>O endere\u00e7o do nosso site \u00e9: https:\/\/ecompare.com.br\/lojas\/ onde fornecemos um sistema de pesquisa de pre\u00e7os, produtos e lojas para que o consumidor possa economizar e comprar produtos de qualidade e com seus direitos respeitados.<\/p>\r\n\r\n\r\n\r\n<h2 class=\"wp-block-heading\">Quais dados pessoais coletamos e porque<\/h2>\r\n\r\n\r\n\r\n<h3 class=\"wp-block-heading\">Coment\u00e1rios<\/h3>\r\n\r\n\r\n\r\n<p>Quando os visitantes deixam coment\u00e1rios no site, coletamos os dados mostrados no formul\u00e1rio de coment\u00e1rios, al\u00e9m do endere\u00e7o de IP e de dados do navegador do visitante, para auxiliar na detec\u00e7\u00e3o de spam.<\/p>\r\n\r\n\r\n\r\n<p>Uma sequ\u00eancia anonimizada de caracteres criada a partir do seu e-mail (tamb\u00e9m chamada de hash) poder\u00e1 ser enviada para o Gravatar para verificar se voc\u00ea usa o servi\u00e7o. A pol\u00edtica de privacidade do Gravatar est\u00e1 dispon\u00edvel aqui: https:\/\/automattic.com\/privacy\/. Depois da aprova\u00e7\u00e3o do seu coment\u00e1rio, a foto do seu perfil fica vis\u00edvel publicamente junto de seu coment\u00e1rio.<\/p>\r\n\r\n\r\n\r\n<h3 class=\"wp-block-heading\">M\u00eddia<\/h3>\r\n\r\n\r\n\r\n<p>Se voc\u00ea envia imagens para o site, evite enviar as que contenham dados de localiza\u00e7\u00e3o incorporados (EXIF GPS). Visitantes podem baixar estas imagens do site e extrair delas seus dados de localiza\u00e7\u00e3o.<\/p>\r\n\r\n\r\n\r\n<h3 class=\"wp-block-heading\">Formul\u00e1rios de contato<\/h3>\r\n\r\n\r\n\r\n<h3 class=\"wp-block-heading\">Cookies<\/h3>\r\n\r\n\r\n\r\n<p>Ao deixar um coment\u00e1rio no site, voc\u00ea poder\u00e1 optar por salvar seu nome, e-mail e site nos cookies. Isso visa seu conforto, assim voc\u00ea n\u00e3o precisar\u00e1 preencher seus  dados novamente quando fizer outro coment\u00e1rio. Estes cookies duram um ano.<\/p>\r\n\r\n\r\n\r\n<p>Se voc\u00ea tem uma conta e acessa este site, um cookie tempor\u00e1rio ser\u00e1 criado para determinar se seu navegador aceita cookies. Ele n\u00e3o cont\u00e9m nenhum dado pessoal e ser\u00e1 descartado quando voc\u00ea fechar seu navegador.<\/p>\r\n\r\n\r\n\r\n<p>Quando voc\u00ea acessa sua conta no site, tamb\u00e9m criamos v\u00e1rios cookies para salvar os dados da sua conta e suas escolhas de exibi\u00e7\u00e3o de tela. Cookies de login s\u00e3o mantidos por dois dias e cookies de op\u00e7\u00f5es de tela por um ano. Se voc\u00ea selecionar &#8220;Lembrar-me&#8221;, seu acesso ser\u00e1 mantido por duas semanas. Se voc\u00ea se desconectar da sua conta, os cookies de login ser\u00e3o removidos.<\/p>\r\n\r\n\r\n\r\n<p>Se voc\u00ea editar ou publicar um artigo, um cookie adicional ser\u00e1 salvo no seu navegador. Este cookie n\u00e3o inclui nenhum dado pessoal e simplesmente indica o ID do post referente ao artigo que voc\u00ea acabou de editar. Ele expira depois de 1 dia.<\/p>\r\n\r\n\r\n\r\n<h3 class=\"wp-block-heading\">M\u00eddia incorporada de outros sites<\/h3>\r\n\r\n\r\n\r\n<p>Artigos neste site podem incluir conte\u00fado incorporado como, por exemplo, v\u00eddeos, imagens, artigos, etc. Conte\u00fados incorporados de outros sites se comportam exatamente da mesma forma como se o visitante estivesse visitando o outro site.<\/p>\r\n\r\n\r\n\r\n<p>Estes sites podem coletar dados sobre voc\u00ea, usar cookies, incorporar rastreamento adicional de terceiros e monitorar sua intera\u00e7\u00e3o com este conte\u00fado incorporado, incluindo sua intera\u00e7\u00e3o com o conte\u00fado incorporado se voc\u00ea tem uma conta e est\u00e1 conectado com o site.<\/p>\r\n\r\n\r\n\r\n<h3 class=\"wp-block-heading\">An\u00e1lises<\/h3>\r\n\r\n\r\n\r\n<h2 class=\"wp-block-heading\">Com quem partilhamos seus dados<\/h2>\r\n\r\n\r\n\r\n<h2 class=\"wp-block-heading\">Por quanto tempo mantemos os seus dados<\/h2>\r\n\r\n\r\n\r\n<p>Se voc\u00ea deixar um coment\u00e1rio, o coment\u00e1rio e os seus metadados s\u00e3o conservados indefinidamente. Fazemos isso para que seja poss\u00edvel reconhecer e aprovar automaticamente qualquer coment\u00e1rio posterior ao inv\u00e9s de ret\u00ea-lo para modera\u00e7\u00e3o.<\/p>\r\n\r\n\r\n\r\n<p>Para usu\u00e1rios que se registram no nosso site (se houver), tamb\u00e9m guardamos as informa\u00e7\u00f5es pessoais que fornecem no seu perfil de usu\u00e1rio. Todos os usu\u00e1rios podem ver, editar ou excluir suas informa\u00e7\u00f5es pessoais a qualquer momento (s\u00f3 n\u00e3o \u00e9 poss\u00edvel alterar o seu username). Os administradores de sites tamb\u00e9m podem ver e editar estas informa\u00e7\u00f5es.<\/p>\r\n\r\n\r\n\r\n<h2 class=\"wp-block-heading\">Quais os seus direitos sobre seus dados<\/h2>\r\n\r\n\r\n\r\n<p>Se voc\u00ea tiver uma conta neste site ou se tiver deixado coment\u00e1rios, pode solicitar um arquivo exportado dos dados pessoais que mantemos sobre voc\u00ea, inclusive quaisquer dados que nos tenha fornecido. Tamb\u00e9m pode solicitar que removamos qualquer dado pessoal que mantemos sobre voc\u00ea. Isto n\u00e3o inclui nenhuns dados que somos obrigados a manter para prop\u00f3sitos administrativos, legais ou de seguran\u00e7a.<\/p>\r\n\r\n\r\n\r\n<h2 class=\"wp-block-heading\">Para onde enviamos seus dados<\/h2>\r\n\r\n\r\n\r\n<p>Coment\u00e1rios de visitantes podem ser marcados por um servi\u00e7o autom\u00e1tico de detec\u00e7\u00e3o de spam.<\/p>\r\n","protected":false},"excerpt":{"rendered":"<p>&#8220;Este site pode utilizar cookies e\/ou web beacons quando um usu\u00e1rio tem acesso \u00e0s p\u00e1ginas. Os cookies que podem ser utilizados associam-se (se for o caso) unicamente com o navegador de um determinado computador. Os cookies que s\u00e3o utilizados neste site podem ser instalados pelo mesmo, os quais s\u00e3o originados dos distintos servidores operados por [&hellip;]<\/p>\n","protected":false},"author":1,"featured_media":0,"parent":0,"menu_order":0,"comment_status":"closed","ping_status":"closed","template":"","meta":{"footnotes":""},"class_list":["post-31702","page","type-page","status-publish","hentry"],"_links":{"self":[{"href":"https:\/\/ecompare.com.br\/lojas\/wp-json\/wp\/v2\/pages\/31702","targetHints":{"allow":["GET"]}}],"collection":[{"href":"https:\/\/ecompare.com.br\/lojas\/wp-json\/wp\/v2\/pages"}],"about":[{"href":"https:\/\/ecompare.com.br\/lojas\/wp-json\/wp\/v2\/types\/page"}],"author":[{"embeddable":true,"href":"https:\/\/ecompare.com.br\/lojas\/wp-json\/wp\/v2\/users\/1"}],"replies":[{"embeddable":true,"href":"https:\/\/ecompare.com.br\/lojas\/wp-json\/wp\/v2\/comments?post=31702"}],"version-history":[{"count":0,"href":"https:\/\/ecompare.com.br\/lojas\/wp-json\/wp\/v2\/pages\/31702\/revisions"}],"wp:attachment":[{"href":"https:\/\/ecompare.com.br\/lojas\/wp-json\/wp\/v2\/media?parent=31702"}],"curies":[{"name":"wp","href":"https:\/\/api.w.org\/{rel}","templated":true}]}}