{"id":31696,"date":"2025-12-31T20:06:19","date_gmt":"2025-12-31T23:06:19","guid":{"rendered":"https:\/\/ecompare.com.br\/lojas\/?page_id=31696"},"modified":"2026-05-12T16:48:03","modified_gmt":"2026-05-12T19:48:03","slug":"resultados-da-pesquisa","status":"publish","type":"page","link":"https:\/\/ecompare.com.br\/lojas\/","title":{"rendered":"Bem-Vindo ao ECompare &#8211; Marketplace dos Bons Neg\u00f3cios"},"content":{"rendered":"<p>Digite na caixa abaixo o produto ou a loja e tenha a confian\u00e7a de bons neg\u00f3cios:<br \/>\n<script async src=\"https:\/\/cse.google.com\/cse.js?cx=partner-pub-5987304558705355:8722912108\">\n<\/script><\/p>\n<div class=\"gcse-searchbox-only\"><\/div>\n<p><script async src=\"https:\/\/cse.google.com\/cse.js?cx=partner-pub-5987304558705355:8722912108\">\n<\/script><\/p>\n<div class=\"gcse-searchresults-only\"><\/div>\n<hr \/>\n<div class=\"wrc-column-grid wrc-column-grid-5\">\n<div  class=\"wrc-column wrc-column-width-1 wrc-column-start\" >\n<figure style=\"width: 210px\" class=\"wp-caption aligncenter\"><a href=\"https:\/\/www.magazinevoce.com.br\/magazineezu\/box-premium-album-de-figurinhas-capa-dura-prata-copa-do-mundo-fifa-2026-eua-com-50-pacotes-de-figurinhas-panini\/p\/241258700\/li\/abdf\/?seller_id=magazineluiza\"><img decoding=\"async\" class=\"size-full\" src=\"https:\/\/a-static.mlcdn.com.br\/280x210\/box-premium-album-de-figurinhas-capa-dura-prata-copa-do-mundo-fifa-2026-eua-com-50-pacotes-de-figurinhas-panini\/magazineluiza\/241258700\/1069a33611294a66082a1159044f0134.jpg\" width=\"210\" height=\"210\" \/><\/a><figcaption class=\"wp-caption-text\">Box Premium \u00c1lbum de Figurinhas Capa Dura Prata Copa do Mundo FIFA 2026 EUA com 50 Pacotes de Figurinhas Panini<\/figcaption><\/figure>\n<\/div>\n<div  class=\"wrc-column wrc-column-width-2\" >\n<figure style=\"width: 280px\" class=\"wp-caption aligncenter\"><a href=\"https:\/\/www.magazinevoce.com.br\/magazineezu\/smartphone-motorola-moto-g35-256gb-cinza-5g-4gb-ram-8gb-ram-boost-5g-67-cam-dupla-selfie-16mp\/p\/238760500\/te\/mg35\/\"><img decoding=\"async\" class=\"size-full\" src=\"https:\/\/a-static.mlcdn.com.br\/280x210\/smartphone-motorola-moto-g35-256gb-cinza-5g-4gb-ram-8gb-ram-boost-5g-67-cam-dupla-selfie-16mp\/magazineluiza\/238760500\/46dade7426c642fa2bf55ac282ae40b2.jpg\" width=\"280\" height=\"210\" \/><\/a><figcaption class=\"wp-caption-text\">Smartphone Motorola Moto G35 256GB Cinza 5G 4GB RAM+8GB Ram Boost 5G 6,7&#8243; C\u00e2m. Dupla + Selfie 16MP<\/figcaption><\/figure>\n<\/div>\n<div  class=\"wrc-column wrc-column-width-2 wrc-column-end\" >\n<figure style=\"width: 280px\" class=\"wp-caption aligncenter\"><a href=\"https:\/\/www.magazinevoce.com.br\/magazineezu\/smart-tv-50-tcl-4k-uhd-qled-50p7k-google-tv-aipq-google-assistente-3-hdmi\/p\/240144700\/et\/tves\/\"><img decoding=\"async\" class=\"size-full\" src=\"https:\/\/a-static.mlcdn.com.br\/280x210\/smart-tv-50-tcl-4k-uhd-qled-50p7k-google-tv-aipq-google-assistente-3-hdmi\/magazineluiza\/240144700\/5368336b53c2d9b8a20fda49ab65177c.jpg\" width=\"280\" height=\"210\" \/><\/a><figcaption class=\"wp-caption-text\">Smart TV 50&#8243; TCL 4K UHD QLED 50P7K Google TV AiPQ Google Assistente 3 HDMI &#8211; 10x de R$ 209,90 sem juros<br \/>ou R$ 1.994,05 no Pix !<\/figcaption><\/figure>\n<\/div>\n<\/div>\n<p><!-- .wrc-column-grid --><\/p>\n<hr \/>\n<div class=\"wrc-column-grid wrc-column-grid-5\">\n<div  class=\"wrc-column wrc-column-width-1 wrc-column-start\" >\n<figure style=\"width: 280px\" class=\"wp-caption aligncenter\"><a href=\"https:\/\/www.magazinevoce.com.br\/magazineezu\/pneu-aro-15-205-60r15-westlake-91h-z-108\/p\/237806400\/au\/pine\/?seller_id=magazineluiza\"><img decoding=\"async\" class=\"size-full\" src=\"https:\/\/a-static.mlcdn.com.br\/280x210\/pneu-aro-15-205-60r15-westlake-91h-z-108\/magazineluiza\/237806400\/e91df63fa7bcc5ddd93b0b10a41ae50c.jpg\" width=\"280\" height=\"210\" \/><\/a><figcaption class=\"wp-caption-text\">Pneu Aro 15&#8243; 205\/60R15 Westlake 91H Z-108 &#8211; 4x de R$ 76,25 sem juros ou R$ 289,74 no Pix<\/figcaption><\/figure>\n<\/div>\n<div  class=\"wrc-column wrc-column-width-2\" >\n<figure style=\"width: 210px\" class=\"wp-caption aligncenter\"><a href=\"https:\/\/www.magazinevoce.com.br\/magazineezu\/memoria-ram-rise-mode-z-8gb-3200mhz-ddr4-cl19-preto-rm-d4-8g-3200z\/p\/faae4164bh\/in\/mram\/?seller_id=kabum\"><img decoding=\"async\" class=\"size-full\" src=\"https:\/\/a-static.mlcdn.com.br\/280x210\/memoria-ram-rise-mode-z-8gb-3200mhz-ddr4-cl19-preto-rm-d4-8g-3200z\/kabum\/383892\/e6e1792b9bcd33110676c48ef3689852.jpeg\" width=\"210\" height=\"210\" \/><\/a><figcaption class=\"wp-caption-text\">Mem\u00f3ria RAM Rise Mode Z, 8GB, 3200MHz, DDR4, CL19, Preto &#8211; RM-D4-8G-3200Z &#8211; 3x de R$ 156,86 sem juros ou R$ 399,99<br \/>no Pix<\/figcaption><\/figure>\n<\/div>\n<div  class=\"wrc-column wrc-column-width-2 wrc-column-end\" >\n<figure style=\"width: 210px\" class=\"wp-caption aligncenter\"><a href=\"https:\/\/www.magazinevoce.com.br\/magazineezu\/pula-pula-infantil-18m-cama-elastica-c-fechamento-ziper-atentu\/p\/feg7439ed3\/es\/cmel\/?seller_id=nawebutilidade\"><img decoding=\"async\" class=\"size-full\" src=\"https:\/\/a-static.mlcdn.com.br\/280x210\/pula-pula-infantil-18m-cama-elastica-c-fechamento-ziper-atentu\/nawebutilidade\/cam180\/682507a805377cbf0b588348dadfb316.jpeg\" width=\"210\" height=\"210\" \/><\/a><figcaption class=\"wp-caption-text\">Pula Pula Infantil 1,8m Cama El\u00e1stica com Fechamento Z\u00edper<\/figcaption><\/figure>\n<\/div>\n<\/div>\n<p><!-- .wrc-column-grid --><\/p>\n<hr \/>\n<div class=\"wrc-column-grid wrc-column-grid-5\">\n<div  class=\"wrc-column wrc-column-width-1 wrc-column-start\" >\n<figure style=\"width: 210px\" class=\"wp-caption aligncenter\"><a href=\"https:\/\/www.magazinevoce.com.br\/magazineezu\/console-nintendo-switch-2-pokemon-legends-z-a-modelo-nacional-de-tomada-nt000057nsw\/p\/ce8f420g1j\/in\/swit\/?seller_id=kabum\"><img decoding=\"async\" src=\"https:\/\/a-static.mlcdn.com.br\/280x210\/console-nintendo-switch-2-pokemon-legends-z-a-modelo-nacional-de-tomada-nt000057nsw\/kabum\/924899\/f11c961fd3f9e3cd5ed22cdd296db763.jpeg\" width=\"210\" height=\"210\" class=\"size-full\" \/><\/a><figcaption class=\"wp-caption-text\">Console Nintendo Switch 2 + Pokemon Legends: Z-A, Modelo Nacional de Tomada<\/figcaption><\/figure>\n<\/div>\n<div  class=\"wrc-column wrc-column-width-2\" >\n<figure style=\"width: 210px\" class=\"wp-caption aligncenter\"><a href=\"https:\/\/www.magazinevoce.com.br\/magazineezu\/mala-de-viagem-bordo-10kg-pp-c-ziper-expansivel-padrao-anac-eagle\/p\/ga1f7g2b64\/md\/mldb\/?seller_id=cartuchosweb\"><img decoding=\"async\" src=\"https:\/\/a-static.mlcdn.com.br\/280x210\/mala-de-viagem-bordo-10kg-pp-c-ziper-expansivel-padrao-anac-eagle\/cartuchosweb\/ac74a18\/c0a3b2134afefbeaa0b680a8f0942587.jpeg\" width=\"210\" height=\"210\" class=\"size-full\" \/><\/a><figcaption class=\"wp-caption-text\">Mala de Viagem Bordo 10kg PP C\/ Z\u00edper Expans\u00edvel Padr\u00e3o ANAC &#8211; 2x de R$ 84,83 sem juros ou R$ 144,21<br \/>\nno Pix<\/figcaption><\/figure>\n<\/div>\n<div  class=\"wrc-column wrc-column-width-2 wrc-column-end\" >\n<figure style=\"width: 210px\" class=\"wp-caption aligncenter\"><a href=\"https:\/\/www.magazinevoce.com.br\/magazineezu\/bota-feminina-couro-legitimo-cano-curto-montaria-country-ziper-moda-inverno-confortavel-casual-elegante-salto-baixo-yes-me\/p\/ba05g47d7a\/md\/bofm\/?seller_id=lojayesme\"><img decoding=\"async\" src=\"https:\/\/a-static.mlcdn.com.br\/280x210\/bota-feminina-couro-legitimo-cano-curto-montaria-country-ziper-moda-inverno-confortavel-casual-elegante-salto-baixo-yes-me\/lojayesme\/ym42bta3n39\/be3f7c96a4a438d0af650669f672ba9c.jpeg\" width=\"210\" height=\"210\" class=\"size-full\" \/><\/a><figcaption class=\"wp-caption-text\">Bota Feminina Couro Leg\u00edtimo Cano Curto Montaria Country Z\u00edper Moda Inverno Confort\u00e1vel Casual Elegante Salto Baixo &#8211; 2x de R$ 97,95 sem juros ou R$ 195,90<br \/>\nno Pix<\/figcaption><\/figure>\n<\/div>\n<\/div>\n<p><!-- .wrc-column-grid --><\/p>\n<hr \/>\n","protected":false},"excerpt":{"rendered":"<p>Digite na caixa abaixo o produto ou a loja e tenha a confian\u00e7a de bons neg\u00f3cios:<\/p>\n","protected":false},"author":1,"featured_media":0,"parent":0,"menu_order":0,"comment_status":"closed","ping_status":"closed","template":"","meta":{"footnotes":""},"class_list":["post-31696","page","type-page","status-publish","hentry"],"_links":{"self":[{"href":"https:\/\/ecompare.com.br\/lojas\/wp-json\/wp\/v2\/pages\/31696","targetHints":{"allow":["GET"]}}],"collection":[{"href":"https:\/\/ecompare.com.br\/lojas\/wp-json\/wp\/v2\/pages"}],"about":[{"href":"https:\/\/ecompare.com.br\/lojas\/wp-json\/wp\/v2\/types\/page"}],"author":[{"embeddable":true,"href":"https:\/\/ecompare.com.br\/lojas\/wp-json\/wp\/v2\/users\/1"}],"replies":[{"embeddable":true,"href":"https:\/\/ecompare.com.br\/lojas\/wp-json\/wp\/v2\/comments?post=31696"}],"version-history":[{"count":10,"href":"https:\/\/ecompare.com.br\/lojas\/wp-json\/wp\/v2\/pages\/31696\/revisions"}],"predecessor-version":[{"id":2488719,"href":"https:\/\/ecompare.com.br\/lojas\/wp-json\/wp\/v2\/pages\/31696\/revisions\/2488719"}],"wp:attachment":[{"href":"https:\/\/ecompare.com.br\/lojas\/wp-json\/wp\/v2\/media?parent=31696"}],"curies":[{"name":"wp","href":"https:\/\/api.w.org\/{rel}","templated":true}]}}